{"id":532,"date":"2016-01-14T17:18:58","date_gmt":"2016-01-14T17:18:58","guid":{"rendered":"http:\/\/emerex.com\/\/home\/"},"modified":"2021-05-06T13:29:55","modified_gmt":"2021-05-06T13:29:55","slug":"home","status":"publish","type":"page","link":"https:\/\/emerex.com\/pt-pt\/","title":{"rendered":"HOME"},"content":{"rendered":"<\/div><\/div><\/div><!-- close content main div --><\/div><\/div><div id='full_slider_1' class='avia-fullwidth-slider main_color avia-shadow   container_wrap fullsize'   ><div  data-size='no scaling'  data-lightbox_size='large'  data-animation='fade'  data-conditional_play=''  data-ids='32,62,66'  data-video_counter='0'  data-autoplay='true'  data-bg_slider='false'  data-slide_height=''  data-handle='av_slideshow_full'  data-interval='10'  data-class=' '  data-css_id=''  data-scroll_down=''  data-control_layout='av-control-default'  data-custom_markup=''  data-perma_caption=''  data-autoplay_stopper=''  data-image_attachment=''  data-min_height='0px'  data-src=''  data-position='top left'  data-repeat='no-repeat'  data-attach='scroll'  data-stretch=''  class='avia-slideshow avia-slideshow-1  av-control-default av-default-height-applied avia-slideshow-no scaling av_slideshow_full   avia-fade-slider '  itemprop=\"ImageObject\" itemscope=\"itemscope\" itemtype=\"https:\/\/schema.org\/ImageObject\" ><ul class='avia-slideshow-inner ' style='padding-bottom: 31.25%;' ><li  class=' slide-1 ' ><div data-rel='slideshow-1' class='avia-slide-wrap '   ><img src='https:\/\/emerex.com\/wp-content\/uploads\/2016\/01\/SlideHome01.jpg' width='1920' height='600' title='SlideHome01' alt=''  itemprop=\"thumbnailUrl\"   \/><\/div><\/li><li  class=' slide-2 ' ><div data-rel='slideshow-1' class='avia-slide-wrap '   ><img src='https:\/\/emerex.com\/wp-content\/uploads\/2016\/01\/SlideHome02.jpg' width='1920' height='600' title='SlideHome02' alt=''  itemprop=\"thumbnailUrl\"   \/><\/div><\/li><li  class=' slide-3 ' ><div data-rel='slideshow-1' class='avia-slide-wrap '   ><img src='https:\/\/emerex.com\/wp-content\/uploads\/2016\/01\/SlideHome03.jpg' width='1920' height='600' title='SlideHome03' alt=''  itemprop=\"thumbnailUrl\"   \/><\/div><\/li><\/ul><div class='avia-slideshow-arrows avia-slideshow-controls'><a href='#prev' class='prev-slide' aria-hidden='true' data-av_icon='\ue87c' data-av_iconfont='entypo-fontello'>Previous<\/a><a href='#next' class='next-slide' aria-hidden='true' data-av_icon='\ue87d' data-av_iconfont='entypo-fontello'>Next<\/a><\/div><div class='avia-slideshow-dots avia-slideshow-controls'><a href='#1' class='goto-slide active' >1<\/a><a href='#2' class='goto-slide ' >2<\/a><a href='#3' class='goto-slide ' >3<\/a><\/div><\/div><\/div>\n<div class=\"flex_column av_one_full  av-animated-generic fade-in  flex_column_div first  \" style='background: #ffffff; padding:10px; background-color:#ffffff; border-radius:0px; '><div style='padding-bottom:0px; ' class='av-special-heading av-special-heading-h1  blockquote modern-quote modern-centered  '><h1 class='av-special-heading-tag '  itemprop=\"headline\"  >Bem-vindo a EMEREX<\/h1><div class='special-heading-border'><div class='special-heading-inner-border' ><\/div><\/div><\/div><\/div><div class=\"flex_column av_one_half  flex_column_div av-zero-column-padding first  \" style='border-radius:0px; '><div  data-size='no scaling'  data-lightbox_size='large'  data-animation='slide'  data-conditional_play=''  data-ids='3004'  data-video_counter='0'  data-autoplay='true'  data-bg_slider='false'  data-slide_height=''  data-handle='av_slideshow'  data-interval='10'  data-class=' '  data-css_id=''  data-scroll_down=''  data-control_layout='av-control-default'  data-custom_markup=''  data-perma_caption=''  data-autoplay_stopper=''  data-image_attachment=''  data-min_height='0px'  class='avia-slideshow avia-slideshow-2  av-control-default av-default-height-applied avia-slideshow-no scaling av_slideshow   avia-slide-slider '  itemprop=\"ImageObject\" itemscope=\"itemscope\" itemtype=\"https:\/\/schema.org\/ImageObject\" ><ul class='avia-slideshow-inner ' style='padding-bottom: 100%;' ><li  class=' av-single-slide slide-1 ' ><div data-rel='slideshow-2' class='avia-slide-wrap '   ><img src='https:\/\/emerex.com\/wp-content\/uploads\/2018\/11\/Emerex-Instalaciones-edit-3crop.jpg' width='1500' height='1500' title='Emerex-Instalaciones-edit-3(crop)' alt=''  itemprop=\"thumbnailUrl\"   \/><\/div><\/li><\/ul><\/div><\/div><\/p>\n<div class=\"flex_column av_one_half  flex_column_div av-zero-column-padding   \" style='border-radius:0px; '><section class=\"av_textblock_section \"  itemscope=\"itemscope\" itemtype=\"https:\/\/schema.org\/CreativeWork\" ><div class='avia_textblock  '   itemprop=\"text\" ><div class=\"two-fourth\">\n<p style=\"text-align: justify;\">Somos uma f\u00e1brica de m\u00e1rmore localizada em Pinoso, Alicante, a poucos quil\u00f4metros das pedreiras de Crema Marfil, Rojo Alicante e Marr\u00f3n Emperador, entre outros.<\/p>\n<p style=\"text-align: justify;\">Nos esfor\u00e7amos<strong> desde 1994<\/strong> para que nossos m\u00e1rmores satisfa\u00e7am os clientes dos cinco continentes.<\/p>\n<p style=\"text-align: justify;\">Temos o equipamento e o maquin\u00e1rio preciso para fabricar uma ampla gama de produtos de m\u00e1rmore. Produzimos produtos padronizados em formatos e espessuras, mas tamb\u00e9m temos as ferramentas para fabricar o produto de m\u00e1rmore que voc\u00ea sonha.<\/p>\n<p style=\"text-align: justify;\">Estamos prontos para fornecer grandes projetos e pequenas encomendas.<\/p>\n<p style=\"text-align: justify;\">Em <strong>Marmoles Emerex SL<\/strong> nos preocupamos com o meio ambiente e, portanto, estamos equipados com as mais modernas instala\u00e7\u00f5es para a reciclagem da \u00e1gua que usamos, e a reutiliza\u00e7\u00e3o de subprodutos, tornando o m\u00e1rmore provavelmente o material de constru\u00e7\u00e3o mais ecol\u00f3gico que existe.<\/p>\n<p style=\"text-align: justify;\">Em 2001, a <strong>Stone Mall, Inc.<\/strong>, nossa subsidi\u00e1ria nos EUA, nasceu com o objetivo de prestar um melhor servi\u00e7o ao mercado norte-americano.<\/p>\n<\/div>\n<div class=\"two-fourth last\" style=\"text-align: justify;\"><\/div>\n<\/div><\/section><\/div>\n","protected":false},"excerpt":{"rendered":"","protected":false},"author":1,"featured_media":0,"parent":0,"menu_order":0,"comment_status":"closed","ping_status":"closed","template":"","meta":[],"yoast_head":"<!-- This site is optimized with the Yoast SEO plugin v16.1.1 - https:\/\/yoast.com\/wordpress\/plugins\/seo\/ -->\n<title>HOME - Crema Marfil. Marmoles Emerex. Losas 1 cm<\/title>\n<link rel=\"canonical\" href=\"https:\/\/emerex.com\/pt-pt\/\" \/>\n<meta property=\"og:locale\" content=\"pt_PT\" \/>\n<meta property=\"og:type\" content=\"article\" \/>\n<meta property=\"og:title\" content=\"HOME - Crema Marfil. Marmoles Emerex. Losas 1 cm\" \/>\n<meta property=\"og:url\" content=\"https:\/\/emerex.com\/pt-pt\/\" \/>\n<meta property=\"og:site_name\" content=\"Crema Marfil. Marmoles Emerex. Losas 1 cm\" \/>\n<meta property=\"article:modified_time\" content=\"2021-05-06T13:29:55+00:00\" \/>\n<meta name=\"twitter:card\" content=\"summary\" \/>\n<meta name=\"twitter:label1\" content=\"Tempo estimado de leitura\">\n\t<meta name=\"twitter:data1\" content=\"4 minutos\">\n<script type=\"application\/ld+json\" class=\"yoast-schema-graph\">{\"@context\":\"https:\/\/schema.org\",\"@graph\":[{\"@type\":\"WebSite\",\"@id\":\"https:\/\/emerex.com\/es\/#website\",\"url\":\"https:\/\/emerex.com\/es\/\",\"name\":\"Crema Marfil. Marmoles Emerex. Losas 1 cm\",\"description\":\"Losas finas marmol natural. Crema Marfil\",\"potentialAction\":[{\"@type\":\"SearchAction\",\"target\":\"https:\/\/emerex.com\/es\/?s={search_term_string}\",\"query-input\":\"required name=search_term_string\"}],\"inLanguage\":\"pt-PT\"},{\"@type\":\"WebPage\",\"@id\":\"https:\/\/emerex.com\/pt-pt\/#webpage\",\"url\":\"https:\/\/emerex.com\/pt-pt\/\",\"name\":\"HOME - Crema Marfil. Marmoles Emerex. Losas 1 cm\",\"isPartOf\":{\"@id\":\"https:\/\/emerex.com\/es\/#website\"},\"datePublished\":\"2016-01-14T17:18:58+00:00\",\"dateModified\":\"2021-05-06T13:29:55+00:00\",\"breadcrumb\":{\"@id\":\"https:\/\/emerex.com\/pt-pt\/#breadcrumb\"},\"inLanguage\":\"pt-PT\",\"potentialAction\":[{\"@type\":\"ReadAction\",\"target\":[\"https:\/\/emerex.com\/pt-pt\/\"]}]},{\"@type\":\"BreadcrumbList\",\"@id\":\"https:\/\/emerex.com\/pt-pt\/#breadcrumb\",\"itemListElement\":[{\"@type\":\"ListItem\",\"position\":1,\"item\":{\"@type\":\"WebPage\",\"@id\":\"https:\/\/emerex.com\/pt-pt\/\",\"url\":\"https:\/\/emerex.com\/pt-pt\/\",\"name\":\"Portada\"}},{\"@type\":\"ListItem\",\"position\":2,\"item\":{\"@type\":\"WebPage\",\"@id\":\"https:\/\/emerex.com\/pt-pt\/\",\"url\":\"https:\/\/emerex.com\/pt-pt\/\",\"name\":\"HOME\"}}]}]}<\/script>\n<!-- \/ Yoast SEO plugin. -->","_links":{"self":[{"href":"https:\/\/emerex.com\/pt-pt\/wp-json\/wp\/v2\/pages\/532\/"}],"collection":[{"href":"https:\/\/emerex.com\/pt-pt\/wp-json\/wp\/v2\/pages\/"}],"about":[{"href":"https:\/\/emerex.com\/pt-pt\/wp-json\/wp\/v2\/types\/page\/"}],"author":[{"embeddable":true,"href":"https:\/\/emerex.com\/pt-pt\/wp-json\/wp\/v2\/users\/1\/"}],"replies":[{"embeddable":true,"href":"https:\/\/emerex.com\/pt-pt\/wp-json\/wp\/v2\/comments\/?post=532"}],"version-history":[{"count":8,"href":"https:\/\/emerex.com\/pt-pt\/wp-json\/wp\/v2\/pages\/532\/revisions\/"}],"predecessor-version":[{"id":4693,"href":"https:\/\/emerex.com\/pt-pt\/wp-json\/wp\/v2\/pages\/532\/revisions\/4693\/"}],"wp:attachment":[{"href":"https:\/\/emerex.com\/pt-pt\/wp-json\/wp\/v2\/media\/?parent=532"}],"curies":[{"name":"wp","href":"https:\/\/api.w.org\/{rel}","templated":true}]}}