{"id":544,"date":"2018-09-07T09:57:57","date_gmt":"2018-09-07T09:57:57","guid":{"rendered":"http:\/\/emerex.com\/\/politica-de-privacidad\/"},"modified":"2019-10-20T17:53:30","modified_gmt":"2019-10-20T17:53:30","slug":"politique-de-confidentialite","status":"publish","type":"page","link":"https:\/\/emerex.com\/fr\/politique-de-confidentialite\/","title":{"rendered":"Politique de confidentialit\u00e9"},"content":{"rendered":"<p>Marmoles Emerex, S.L. informa a los usuarios del sitio web sobre su pol\u00edtica respecto del tratamiento y protecci\u00f3n de los datos de car\u00e1cter personal de los usuarios y clientes que puedan ser recabados por la navegaci\u00f3n, adquisici\u00f3n de productos o contrataci\u00f3n de servicios a trav\u00e9s de su sitio web. En este sentido, Marmoles Emerex, S.L. garantiza el cumplimiento de la normativa vigente en materia de protecci\u00f3n de datos personales, reflejada en la Ley Org\u00e1nica 15\/1999 de 13 de diciembre, de Protecci\u00f3n de Datos de Car\u00e1cter Personal y en el Real Decreto 1720\/2007, de 21 diciembre, por el que se aprueba el Reglamento de Desarrollo de la LOPD, y en Reglamento General de Protecci\u00f3n de Datos (RGPD) (UE) 2016\/679.<\/p>\n<p><strong>MEDIDAS DE SEGURIDAD <\/strong><\/p>\n<p>En cumplimiento de la legislaci\u00f3n vigente en materia de protecci\u00f3n de datos, se informa a los usuarios de que, en Marmoles Emerex, S.L., se han adoptado las medidas t\u00e9cnicas y organizativas conforme a lo dispuesto en la citada normativa. Los datos personales que se recogen en los formularios son objeto de tratamiento, \u00fanicamente, por parte del personal de Marmoles Emerex, S.L. o de los Encargados del Tratamiento aqu\u00ed establecidos. Se han adoptado las medidas de seguridad adecuadas a los datos que se facilitan y, adem\u00e1s, se han instalado todos los medios y medidas t\u00e9cnicas a su alcance para evitar la p\u00e9rdida, mal uso, alteraci\u00f3n, acceso no autorizado y robo de los datos que nos facilitan.<\/p>\n<p><strong>VERACIDAD DE LOS DATOS <\/strong><\/p>\n<p>El Cliente o Usuario manifiesta que todos los datos facilitados por \u00e9l son ciertos y correctos y se compromete a mantenerlos actualizados, comunicando, a Marmoles Emerex, S.L., cualquier modificaci\u00f3n de los mismos. El usuario responder\u00e1 de la veracidad de sus datos y ser\u00e1 el \u00fanico responsable de cuantos conflictos o litigios pudieran resultar por la falsedad de los mismos. Es importante que, para que podamos mantener los datos personales actualizados, el usuario informe a Marmoles Emerex, S.L. siempre que haya habido alguna modificaci\u00f3n en los mismos. En caso contrario, no podemos responder de su veracidad.<\/p>\n<p><strong>EJERCICIO DE DERECHOS <\/strong><\/p>\n<p>La LOPD y el RGPD conceden a los interesados la posibilidad de ejercer una serie de derechos relacionados con el tratamiento de sus datos personales. En tanto en cuanto los datos del usuario son objeto de tratamiento por parte de Marmoles Emerex, S.L., \u00e9stos podr\u00e1n ejercer sus derechos. Para ello, el usuario deber\u00e1 dirigirse, aportando documentaci\u00f3n que acredite su identidad (DNI o pasaporte), mediante correo electr\u00f3nico a info@emerex.com, o bien mediante comunicaci\u00f3n escrita a la direcci\u00f3n que aparece en nuestro aviso legal. Dicha comunicaci\u00f3n deber\u00e1 reflejar la siguiente informaci\u00f3n: Nombre y apellidos del usuario, la petici\u00f3n de solicitud, el domicilio y los datos acreditativos.<\/p>\n<p>El ejercicio de derechos deber\u00e1 ser realizado por el propio usuario. No obstante, podr\u00e1n ser ejecutados por una persona autorizada como representante legal del autorizado. En tal caso, se deber\u00e1 aportar la documentaci\u00f3n que acredite esta representaci\u00f3n del interesado.<\/p>\n<p>El usuario podr\u00e1 solicitar el ejercicio de los derechos siguientes:<\/p>\n<ul>\n<li>Derecho a solicitar el acceso a los datos personales.<\/li>\n<li>Derecho a solicitar su rectificaci\u00f3n (en caso de que sean incorrectos) o supresi\u00f3n.<\/li>\n<li>Derecho a solicitar la limitaci\u00f3n de su tratamiento, en cuyo caso \u00fanicamente ser\u00e1n conservados por Marmoles Emerex, S.L. para el ejercicio o la defensa de reclamaciones.<\/li>\n<li>Derecho a oponerse al tratamiento: Marmoles Emerex, S.L. dejar\u00e1 de tratar sus datos, salvo que por motivos leg\u00edtimos o el ejercicio o la defensa de posibles reclamaciones se tengan que seguir tratando.<\/li>\n<li>Derecho a la portabilidad de los datos: en caso de que quiera que sus datos sean tratados por otra firma, Marmoles Emerex, S.L. le facilitar\u00e1 la portabilidad de sus datos al nuevo responsable.<\/li>\n<\/ul>\n<p>En el caso de que se haya otorgado el consentimiento para alguna finalidad espec\u00edfica, <strong>el usuario tiene derecho a retirar el consentimiento en cualquier momento<\/strong>, sin que ello afecte a la licitud del tratamiento basado en el consentimiento previo a su retirada.<\/p>\n<p>Si un usuario considera que hay un problema con la forma en que Marmoles Emerex, S.L. est\u00e1 manejando sus datos, puede dirigir sus reclamaciones al Responsable de Seguridad o a la autoridad de protecci\u00f3n de datos que corresponda, siendo la Agencia Espa\u00f1ola de Protecci\u00f3n de Datos la indicada en el caso de Espa\u00f1a.<\/p>\n<p><strong>CONSERVACI\u00d3N DE LOS DATOS <\/strong><\/p>\n<p>Los datos desagregados ser\u00e1n conservados sin plazo de supresi\u00f3n. En cuanto a los datos de Clientes, el per\u00edodo de conservaci\u00f3n de los datos personales variar\u00e1 en funci\u00f3n del servicio que el Cliente contrate. En cualquier caso, ser\u00e1 el m\u00ednimo necesario, pudiendo mantenerse hasta:<\/p>\n<ul>\n<li>4 a\u00f1os: Ley sobre Infracciones y Sanciones en el Orden Social (obligaciones en materia de afiliaci\u00f3n, altas, bajas, cotizaci\u00f3n, pago de salarios\u2026); Arts. 66 y sig. Ley General Tributaria (libros de contabilidad\u2026)<\/li>\n<li>5 a\u00f1os: Art. 1964 C\u00f3digo Civil (acciones personales sin plazo especial)<\/li>\n<li>6 a\u00f1os: Art. 30 C\u00f3digo de Comercio (libros de contabilidad, facturas\u2026)<\/li>\n<li>10 a\u00f1os: Art. 25 Ley de Prevenci\u00f3n del Blanqueo de Capitales y Financiaci\u00f3n del Terrorismo.<\/li>\n<\/ul>\n<p>Los usuarios de listas de correo o los subidos por Marmoles Emerex, S.L. a p\u00e1ginas o perfiles de RRSS, se conservar\u00e1n hasta que el usuario retire el consentimiento.<\/p>\n<p>Datos de candidatos (C.V.), de haberlos: En caso de que el candidato no sea seleccionado, Marmoles Emerex, S.L. podr\u00e1 mantener almacenado su curr\u00edculo un m\u00e1ximo de dos a\u00f1os para incorporarlo a futuras convocatorias, a menos que el candidato se manifieste en contrario.<\/p>\n<p><strong>OBTENCI\u00d3N Y TRATAMIENTO DE DATOS <\/strong><\/p>\n<p>Marmoles Emerex, S.L. tiene el deber de informar a los usuarios de su sitio web acerca de la recogida de datos de car\u00e1cter personal que pueden llevarse a cabo, bien sea mediante el env\u00edo de correo electr\u00f3nico o al cumplimentar los formularios incluidos en el sitio web. En este sentido, Marmoles Emerex, S.L. ser\u00e1 considerada como Responsable de los datos recabados mediante los medios anteriormente descritos.<\/p>\n<p>A su vez Marmoles Emerex, S.L. informa a los usuarios de que la finalidad del tratamiento de los datos recabados contempla la atenci\u00f3n de solicitudes realizadas por los usuarios, la inclusi\u00f3n en la agenda de contactos, la prestaci\u00f3n de productos o servicios y la gesti\u00f3n de la relaci\u00f3n comercial. Las operaciones, gestiones y procedimientos t\u00e9cnicos que se realicen de forma automatizada o no automatizada y que posibiliten la recogida, el almacenamiento, la modificaci\u00f3n, la transferencia y otras acciones sobre datos de car\u00e1cter personal, tienen la consideraci\u00f3n de Tratamiento de datos personales.<\/p>\n<p>Marmoles Emerex, S.L. pone a disposici\u00f3n de los usuarios una serie de mecanismos telem\u00e1ticos para la recogida y tratamiento de sus datos personales, con las finalidades previstas anteriormente. Los datos personales proporcionados de manera telem\u00e1tica, bien sea a trav\u00e9s de email, de los formularios de contacto de esta web o contrataciones online ser\u00e1n utilizados para la gesti\u00f3n comercial y administrativa de los clientes y usuarios de la empresa. Estos datos, ser\u00e1n tratados a trav\u00e9s de servidores gestionados por Webempresa, que tambi\u00e9n es la empresa prestadora de servicios de correo electr\u00f3nico, y, que tendr\u00e1 la consideraci\u00f3n de Encargado del Tratamiento.<\/p>\n<p>Tal y como establece la LSSICE, Marmoles Emerex, S.L. se compromete a no remitir comunicaciones comerciales sin identificarlas como tales. A estos efectos, no ser\u00e1 considerada como comunicaci\u00f3n comercial la informaci\u00f3n enviada a los clientes para el mantenimiento de la relaci\u00f3n contractual existente.<\/p>\n<p>En cualquier caso, se obtendr\u00e1n \u00fanicamente los datos precisos para poder realizar el servicio contratado, o para poder responder adecuadamente a la petici\u00f3n de informaci\u00f3n realizada por el usuario.<\/p>\n<p>En ocasiones, los datos personales se proporcionar\u00e1n a trav\u00e9s de enlaces a sitios web de terceros. En este caso, en ning\u00fan momento el personal de Marmoles Emerex, S.L. tendr\u00e1 acceso a los datos personales que el Cliente facilite a dichos terceros.<\/p>\n<p><strong>REDES SOCIALES <\/strong><\/p>\n<p>Marmoles Emerex, S.L. cuenta con perfil en las principales redes sociales de Internet (Facebook, Instagram), reconoci\u00e9ndose en todos los casos Responsable del tratamiento de los datos de sus seguidores, fans, suscriptores, comentaristas y otros perfiles de usuarios (en adelante, seguidores) publicados por Marmoles Emerex, S.L.. El tratamiento que Marmoles Emerex, S.L. llevar\u00e1 a cabo con dichos datos dentro de cada una de las referidas redes ser\u00e1 el que la red social permita a los perfiles corporativos.<\/p>\n<p>Marmoles Emerex, S.L. podr\u00e1 informar a sus seguidores, cuando la ley no lo proh\u00edba, por cualquier v\u00eda que la red social permita sobre sus actividades y ofertas, as\u00ed como prestar servicio personalizado de atenci\u00f3n al cliente. En ning\u00fan caso Marmoles Emerex, S.L. extraer\u00e1 datos de las redes sociales, a menos que se obtuviera puntual y expresamente el consentimiento del usuario para ello (por ejemplo, para la realizaci\u00f3n de un concurso).<\/p>\n<p><strong>COMUNICACI\u00d3N DE INFORMACI\u00d3N A TERCEROS <\/strong><\/p>\n<p>Marmoles Emerex, S.L. no ceder\u00e1 ni comunicar\u00e1 a ning\u00fan tercero tus datos, excepto en los casos legalmente previstos o cuando la prestaci\u00f3n de un servicio implique la necesidad de una relaci\u00f3n contractual con un encargado de tratamiento, y siempre de acuerdo con las condiciones generales aprobadas por el usuario con anterioridad a la contrataci\u00f3n del mismo. As\u00ed, al contratar nuestros servicios, el usuario acepta que alguno de los mismos pueda ser, total o parcialmente, subcontratados a otras personas o empresas, que tendr\u00e1n la consideraci\u00f3n de Encargados del Tratamiento, con los que se ha convenido el correspondiente contrato de confidencialidad, o adherido a sus pol\u00edticas de privacidad, establecidas en sus respectivas p\u00e1ginas web. Tambi\u00e9n acepta que algunos de los datos personales recabados sean facilitados a estos Encargados del Tratamiento, cuando sea necesario para la efectiva realizaci\u00f3n del servicio contratado. El usuario podr\u00e1 negarse a la cesi\u00f3n de tus datos a los Encargados del Tratamiento, mediante petici\u00f3n escrita, por cualquiera de los medios anteriormente referenciados.<\/p>\n<p><strong>CONFIDENCIALIDAD <\/strong><\/p>\n<p>La informaci\u00f3n suministrada por el cliente tendr\u00e1, en todo caso, la consideraci\u00f3n de confidencial, sin que pueda ser utilizada para otros fines que los relacionados con los servicios contratados o productos adquiridos a Marmoles Emerex, S.L.. Marmoles Emerex, S.L. se obliga a no divulgar ni revelar informaci\u00f3n sobre las pretensiones del cliente, los motivos del asesoramiento solicitado o la duraci\u00f3n de su relaci\u00f3n con este.<\/p>\n<p><strong>VALIDEZ <\/strong><\/p>\n<p>Esta pol\u00edtica de privacidad y de protecci\u00f3n de datos ha sido redactada a d\u00eda 03 de mayo de 2018, y podr\u00e1 variar en funci\u00f3n de los cambios de normativa y jurisprudencia que se vayan produciendo, siendo responsabilidad del titular de los datos la lectura del documento actualizado, en orden a conocer sus derechos y obligaciones al respecto en cada momento.<\/p>\n","protected":false},"excerpt":{"rendered":"<p>Marmoles Emerex, S.L. informa a los usuarios del sitio web sobre su pol\u00edtica respecto del tratamiento y protecci\u00f3n de los datos de car\u00e1cter personal de los usuarios y clientes que puedan ser recabados por la navegaci\u00f3n, adquisici\u00f3n de productos o contrataci\u00f3n de servicios a trav\u00e9s de su sitio web. En este sentido, Marmoles Emerex, S.L. [&hellip;]<\/p>\n","protected":false},"author":1,"featured_media":0,"parent":0,"menu_order":0,"comment_status":"closed","ping_status":"closed","template":"","meta":[],"yoast_head":"<!-- This site is optimized with the Yoast SEO plugin v16.1.1 - https:\/\/yoast.com\/wordpress\/plugins\/seo\/ -->\n<title>Politique de confidentialit\u00e9 - Crema Marfil. Marmoles Emerex. Losas 1 cm<\/title>\n<link rel=\"canonical\" href=\"https:\/\/emerex.com\/fr\/politique-de-confidentialite\/\" \/>\n<meta property=\"og:locale\" content=\"fr_FR\" \/>\n<meta property=\"og:type\" content=\"article\" \/>\n<meta property=\"og:title\" content=\"Politique de confidentialit\u00e9 - Crema Marfil. Marmoles Emerex. Losas 1 cm\" \/>\n<meta property=\"og:description\" content=\"Marmoles Emerex, S.L. informa a los usuarios del sitio web sobre su pol\u00edtica respecto del tratamiento y protecci\u00f3n de los datos de car\u00e1cter personal de los usuarios y clientes que puedan ser recabados por la navegaci\u00f3n, adquisici\u00f3n de productos o contrataci\u00f3n de servicios a trav\u00e9s de su sitio web. En este sentido, Marmoles Emerex, S.L. [&hellip;]\" \/>\n<meta property=\"og:url\" content=\"https:\/\/emerex.com\/fr\/politique-de-confidentialite\/\" \/>\n<meta property=\"og:site_name\" content=\"Crema Marfil. Marmoles Emerex. Losas 1 cm\" \/>\n<meta property=\"article:modified_time\" content=\"2019-10-20T17:53:30+00:00\" \/>\n<meta name=\"twitter:card\" content=\"summary\" \/>\n<meta name=\"twitter:label1\" content=\"Dur\u00e9e de lecture est.\">\n\t<meta name=\"twitter:data1\" content=\"9 minutes\">\n<script type=\"application\/ld+json\" class=\"yoast-schema-graph\">{\"@context\":\"https:\/\/schema.org\",\"@graph\":[{\"@type\":\"WebSite\",\"@id\":\"https:\/\/emerex.com\/es\/#website\",\"url\":\"https:\/\/emerex.com\/es\/\",\"name\":\"Crema Marfil. Marmoles Emerex. Losas 1 cm\",\"description\":\"Losas finas marmol natural. Crema Marfil\",\"potentialAction\":[{\"@type\":\"SearchAction\",\"target\":\"https:\/\/emerex.com\/es\/?s={search_term_string}\",\"query-input\":\"required name=search_term_string\"}],\"inLanguage\":\"fr-FR\"},{\"@type\":\"WebPage\",\"@id\":\"https:\/\/emerex.com\/fr\/politique-de-confidentialite\/#webpage\",\"url\":\"https:\/\/emerex.com\/fr\/politique-de-confidentialite\/\",\"name\":\"Politique de confidentialit\\u00e9 - Crema Marfil. Marmoles Emerex. Losas 1 cm\",\"isPartOf\":{\"@id\":\"https:\/\/emerex.com\/es\/#website\"},\"datePublished\":\"2018-09-07T09:57:57+00:00\",\"dateModified\":\"2019-10-20T17:53:30+00:00\",\"breadcrumb\":{\"@id\":\"https:\/\/emerex.com\/fr\/politique-de-confidentialite\/#breadcrumb\"},\"inLanguage\":\"fr-FR\",\"potentialAction\":[{\"@type\":\"ReadAction\",\"target\":[\"https:\/\/emerex.com\/fr\/politique-de-confidentialite\/\"]}]},{\"@type\":\"BreadcrumbList\",\"@id\":\"https:\/\/emerex.com\/fr\/politique-de-confidentialite\/#breadcrumb\",\"itemListElement\":[{\"@type\":\"ListItem\",\"position\":1,\"item\":{\"@type\":\"WebPage\",\"@id\":\"https:\/\/emerex.com\/fr\/\",\"url\":\"https:\/\/emerex.com\/fr\/\",\"name\":\"Portada\"}},{\"@type\":\"ListItem\",\"position\":2,\"item\":{\"@type\":\"WebPage\",\"@id\":\"https:\/\/emerex.com\/fr\/politique-de-confidentialite\/\",\"url\":\"https:\/\/emerex.com\/fr\/politique-de-confidentialite\/\",\"name\":\"Politique de confidentialit\\u00e9\"}}]}]}<\/script>\n<!-- \/ Yoast SEO plugin. -->","_links":{"self":[{"href":"https:\/\/emerex.com\/fr\/wp-json\/wp\/v2\/pages\/544\/"}],"collection":[{"href":"https:\/\/emerex.com\/fr\/wp-json\/wp\/v2\/pages\/"}],"about":[{"href":"https:\/\/emerex.com\/fr\/wp-json\/wp\/v2\/types\/page\/"}],"author":[{"embeddable":true,"href":"https:\/\/emerex.com\/fr\/wp-json\/wp\/v2\/users\/1\/"}],"replies":[{"embeddable":true,"href":"https:\/\/emerex.com\/fr\/wp-json\/wp\/v2\/comments\/?post=544"}],"version-history":[{"count":2,"href":"https:\/\/emerex.com\/fr\/wp-json\/wp\/v2\/pages\/544\/revisions\/"}],"predecessor-version":[{"id":4251,"href":"https:\/\/emerex.com\/fr\/wp-json\/wp\/v2\/pages\/544\/revisions\/4251\/"}],"wp:attachment":[{"href":"https:\/\/emerex.com\/fr\/wp-json\/wp\/v2\/media\/?parent=544"}],"curies":[{"name":"wp","href":"https:\/\/api.w.org\/{rel}","templated":true}]}}