{"id":528,"date":"2016-01-14T17:18:58","date_gmt":"2016-01-14T17:18:58","guid":{"rendered":"http:\/\/emerex.com\/\/home\/"},"modified":"2021-05-06T13:26:04","modified_gmt":"2021-05-06T13:26:04","slug":"home","status":"publish","type":"page","link":"https:\/\/emerex.com\/fr\/","title":{"rendered":"HOME"},"content":{"rendered":"<\/div><\/div><\/div><!-- close content main div --><\/div><\/div><div id='full_slider_1' class='avia-fullwidth-slider main_color avia-shadow   container_wrap fullsize'   ><div  data-size='no scaling'  data-lightbox_size='large'  data-animation='fade'  data-conditional_play=''  data-ids='32,62,66'  data-video_counter='0'  data-autoplay='true'  data-bg_slider='false'  data-slide_height=''  data-handle='av_slideshow_full'  data-interval='10'  data-class=' '  data-css_id=''  data-scroll_down=''  data-control_layout='av-control-default'  data-custom_markup=''  data-perma_caption=''  data-autoplay_stopper=''  data-image_attachment=''  data-min_height='0px'  data-src=''  data-position='top left'  data-repeat='no-repeat'  data-attach='scroll'  data-stretch=''  class='avia-slideshow avia-slideshow-1  av-control-default av-default-height-applied avia-slideshow-no scaling av_slideshow_full   avia-fade-slider '  itemprop=\"ImageObject\" itemscope=\"itemscope\" itemtype=\"https:\/\/schema.org\/ImageObject\" ><ul class='avia-slideshow-inner ' style='padding-bottom: 31.25%;' ><li  class=' slide-1 ' ><div data-rel='slideshow-1' class='avia-slide-wrap '   ><img src='https:\/\/emerex.com\/wp-content\/uploads\/2016\/01\/SlideHome01.jpg' width='1920' height='600' title='SlideHome01' alt=''  itemprop=\"thumbnailUrl\"   \/><\/div><\/li><li  class=' slide-2 ' ><div data-rel='slideshow-1' class='avia-slide-wrap '   ><img src='https:\/\/emerex.com\/wp-content\/uploads\/2016\/01\/SlideHome02.jpg' width='1920' height='600' title='SlideHome02' alt=''  itemprop=\"thumbnailUrl\"   \/><\/div><\/li><li  class=' slide-3 ' ><div data-rel='slideshow-1' class='avia-slide-wrap '   ><img src='https:\/\/emerex.com\/wp-content\/uploads\/2016\/01\/SlideHome03.jpg' width='1920' height='600' title='SlideHome03' alt=''  itemprop=\"thumbnailUrl\"   \/><\/div><\/li><\/ul><div class='avia-slideshow-arrows avia-slideshow-controls'><a href='#prev' class='prev-slide' aria-hidden='true' data-av_icon='\ue87c' data-av_iconfont='entypo-fontello'>Pr\u00e9c\u00e9dent<\/a><a href='#next' class='next-slide' aria-hidden='true' data-av_icon='\ue87d' data-av_iconfont='entypo-fontello'>Suivant<\/a><\/div><div class='avia-slideshow-dots avia-slideshow-controls'><a href='#1' class='goto-slide active' >1<\/a><a href='#2' class='goto-slide ' >2<\/a><a href='#3' class='goto-slide ' >3<\/a><\/div><\/div><\/div>\n<div class=\"flex_column av_one_full  av-animated-generic fade-in  flex_column_div first  \" style='background: #ffffff; padding:10px; background-color:#ffffff; border-radius:0px; '><div style='padding-bottom:0px; ' class='av-special-heading av-special-heading-h1  blockquote modern-quote modern-centered  '><h1 class='av-special-heading-tag '  itemprop=\"headline\"  >Bienvenue \u00e0 EMEREX<\/h1><div class='special-heading-border'><div class='special-heading-inner-border' ><\/div><\/div><\/div><\/div><div class=\"flex_column av_one_half  flex_column_div av-zero-column-padding first  \" style='border-radius:0px; '><div  data-size='no scaling'  data-lightbox_size='large'  data-animation='slide'  data-conditional_play=''  data-ids='3002'  data-video_counter='0'  data-autoplay='true'  data-bg_slider='false'  data-slide_height=''  data-handle='av_slideshow'  data-interval='10'  data-class=' '  data-css_id=''  data-scroll_down=''  data-control_layout='av-control-default'  data-custom_markup=''  data-perma_caption=''  data-autoplay_stopper=''  data-image_attachment=''  data-min_height='0px'  class='avia-slideshow avia-slideshow-2  av-control-default av-default-height-applied avia-slideshow-no scaling av_slideshow   avia-slide-slider '  itemprop=\"ImageObject\" itemscope=\"itemscope\" itemtype=\"https:\/\/schema.org\/ImageObject\" ><ul class='avia-slideshow-inner ' style='padding-bottom: 100%;' ><li  class=' av-single-slide slide-1 ' ><div data-rel='slideshow-2' class='avia-slide-wrap '   ><img src='https:\/\/emerex.com\/wp-content\/uploads\/2018\/11\/Emerex-Instalaciones-edit-3crop.jpg' width='1500' height='1500' title='Emerex-Instalaciones-edit-3(crop)' alt=''  itemprop=\"thumbnailUrl\"   \/><\/div><\/li><\/ul><\/div><\/div><\/p>\n<div class=\"flex_column av_one_half  flex_column_div av-zero-column-padding   \" style='border-radius:0px; '><section class=\"av_textblock_section \"  itemscope=\"itemscope\" itemtype=\"https:\/\/schema.org\/CreativeWork\" ><div class='avia_textblock  '   itemprop=\"text\" ><div class=\"two-fourth\">\n<p style=\"text-align: justify;\">Nous sommes une usine de marbre situ\u00e9e \u00e0 Pinoso, Alicante, \u00e0 quelques kilom\u00e8tres des carri\u00e8res de Crema Marfil, Rojo Alicante et Marr\u00f3n Emperador, entre autres.<\/p>\n<p style=\"text-align: justify;\">Nous nous effor\u00e7ons <strong>depuis 1994<\/strong> pour nos billes de satisfaire les clients des cinq continents.<\/p>\n<p style=\"text-align: justify;\">Nous avons l&rsquo;\u00e9quipement et les machines pr\u00e9cises pour fabriquer une large gamme de produits en marbre. Nous produisons des produits standardis\u00e9s dans des formats et des \u00e9paisseurs, mais nous disposons \u00e9galement des outils n\u00e9cessaires pour fabriquer le produit en marbre dont vous r\u00eavez.<\/p>\n<p style=\"text-align: justify;\">Nous sommes pr\u00eats \u00e0 fournir de grands projets et de petites commandes.<\/p>\n<p style=\"text-align: justify;\">Dans <strong>Marmoles Emerex SL<\/strong> nous nous soucions de l&rsquo;environnement et pourquoi nous sommes \u00e9quip\u00e9s d&rsquo;\u00e9quipements ultra modernes pour le recyclage de l&rsquo;eau que nous utilisons, et la r\u00e9utilisation des produits, ce qui rend le marbre est probablement le mat\u00e9riau de construction plus verte l\u00e0-bas.<\/p>\n<p style=\"text-align: justify;\">En 2001, <strong>Stone Mall, Inc.<\/strong>, notre filiale aux \u00c9tats-Unis, est n\u00e9e dans le but de fournir un meilleur service au march\u00e9 nord-am\u00e9ricain.<\/p>\n<\/div>\n<div class=\"two-fourth last\" style=\"text-align: justify;\"><\/div>\n<\/div><\/section><\/div>\n","protected":false},"excerpt":{"rendered":"","protected":false},"author":1,"featured_media":0,"parent":0,"menu_order":0,"comment_status":"closed","ping_status":"closed","template":"","meta":[],"yoast_head":"<!-- This site is optimized with the Yoast SEO plugin v16.1.1 - https:\/\/yoast.com\/wordpress\/plugins\/seo\/ -->\n<title>HOME - Crema Marfil. Marmoles Emerex. Losas 1 cm<\/title>\n<link rel=\"canonical\" href=\"https:\/\/emerex.com\/fr\/\" \/>\n<meta property=\"og:locale\" content=\"fr_FR\" \/>\n<meta property=\"og:type\" content=\"article\" \/>\n<meta property=\"og:title\" content=\"HOME - Crema Marfil. Marmoles Emerex. Losas 1 cm\" \/>\n<meta property=\"og:url\" content=\"https:\/\/emerex.com\/fr\/\" \/>\n<meta property=\"og:site_name\" content=\"Crema Marfil. Marmoles Emerex. Losas 1 cm\" \/>\n<meta property=\"article:modified_time\" content=\"2021-05-06T13:26:04+00:00\" \/>\n<meta name=\"twitter:card\" content=\"summary\" \/>\n<meta name=\"twitter:label1\" content=\"Dur\u00e9e de lecture est.\">\n\t<meta name=\"twitter:data1\" content=\"4 minutes\">\n<script type=\"application\/ld+json\" class=\"yoast-schema-graph\">{\"@context\":\"https:\/\/schema.org\",\"@graph\":[{\"@type\":\"WebSite\",\"@id\":\"https:\/\/emerex.com\/es\/#website\",\"url\":\"https:\/\/emerex.com\/es\/\",\"name\":\"Crema Marfil. Marmoles Emerex. Losas 1 cm\",\"description\":\"Losas finas marmol natural. Crema Marfil\",\"potentialAction\":[{\"@type\":\"SearchAction\",\"target\":\"https:\/\/emerex.com\/es\/?s={search_term_string}\",\"query-input\":\"required name=search_term_string\"}],\"inLanguage\":\"fr-FR\"},{\"@type\":\"WebPage\",\"@id\":\"https:\/\/emerex.com\/fr\/#webpage\",\"url\":\"https:\/\/emerex.com\/fr\/\",\"name\":\"HOME - Crema Marfil. Marmoles Emerex. Losas 1 cm\",\"isPartOf\":{\"@id\":\"https:\/\/emerex.com\/es\/#website\"},\"datePublished\":\"2016-01-14T17:18:58+00:00\",\"dateModified\":\"2021-05-06T13:26:04+00:00\",\"breadcrumb\":{\"@id\":\"https:\/\/emerex.com\/fr\/#breadcrumb\"},\"inLanguage\":\"fr-FR\",\"potentialAction\":[{\"@type\":\"ReadAction\",\"target\":[\"https:\/\/emerex.com\/fr\/\"]}]},{\"@type\":\"BreadcrumbList\",\"@id\":\"https:\/\/emerex.com\/fr\/#breadcrumb\",\"itemListElement\":[{\"@type\":\"ListItem\",\"position\":1,\"item\":{\"@type\":\"WebPage\",\"@id\":\"https:\/\/emerex.com\/fr\/\",\"url\":\"https:\/\/emerex.com\/fr\/\",\"name\":\"Portada\"}},{\"@type\":\"ListItem\",\"position\":2,\"item\":{\"@type\":\"WebPage\",\"@id\":\"https:\/\/emerex.com\/fr\/\",\"url\":\"https:\/\/emerex.com\/fr\/\",\"name\":\"HOME\"}}]}]}<\/script>\n<!-- \/ Yoast SEO plugin. -->","_links":{"self":[{"href":"https:\/\/emerex.com\/fr\/wp-json\/wp\/v2\/pages\/528\/"}],"collection":[{"href":"https:\/\/emerex.com\/fr\/wp-json\/wp\/v2\/pages\/"}],"about":[{"href":"https:\/\/emerex.com\/fr\/wp-json\/wp\/v2\/types\/page\/"}],"author":[{"embeddable":true,"href":"https:\/\/emerex.com\/fr\/wp-json\/wp\/v2\/users\/1\/"}],"replies":[{"embeddable":true,"href":"https:\/\/emerex.com\/fr\/wp-json\/wp\/v2\/comments\/?post=528"}],"version-history":[{"count":7,"href":"https:\/\/emerex.com\/fr\/wp-json\/wp\/v2\/pages\/528\/revisions\/"}],"predecessor-version":[{"id":4691,"href":"https:\/\/emerex.com\/fr\/wp-json\/wp\/v2\/pages\/528\/revisions\/4691\/"}],"wp:attachment":[{"href":"https:\/\/emerex.com\/fr\/wp-json\/wp\/v2\/media\/?parent=528"}],"curies":[{"name":"wp","href":"https:\/\/api.w.org\/{rel}","templated":true}]}}