{"id":500,"date":"2018-09-07T09:35:37","date_gmt":"2018-09-07T09:35:37","guid":{"rendered":"http:\/\/emerex.com\/\/aviso-legal\/"},"modified":"2018-09-25T10:36:12","modified_gmt":"2018-09-25T10:36:12","slug":"avis-juridique","status":"publish","type":"page","link":"https:\/\/emerex.com\/fr\/avis-juridique\/","title":{"rendered":"Avis juridique"},"content":{"rendered":"<p>En cumplimiento de la Ley 34\/2002, de 11 de julio, de Servicios de la Sociedad de la Informaci\u00f3n y Comercio Electr\u00f3nico (LSSI CE), informamos a los usuarios de los datos de la empresa propietaria de esta web:<\/p>\n<p><u>Responsable <\/u><\/p>\n<ul>\n<li><strong>Denominaci\u00f3n Social:<\/strong> Marmoles Emerex, S.L.<\/li>\n<li><strong>CIF\/NIF<\/strong>: B03958766<\/li>\n<li><strong>Domicilio Social<\/strong>: Poligono Industrial Monte Coto &#8211; 03650\u00a0 &#8211; Pinoso\u00a0 &#8211; (Alicante)<\/li>\n<li><strong>Responsable de Seguridad<\/strong>: [Jose Roman] (info@emerex.com)<\/li>\n<\/ul>\n<p><u>Contacto <\/u><\/p>\n<ul>\n<li><strong>Tel\u00e9fono<\/strong>: +34 609 630 884<\/li>\n<li><strong>eMail<\/strong>: info@emerex.com<\/li>\n<\/ul>\n<p><u>Registros<\/u><\/p>\n<ul>\n<li><strong>Inscrita en el Registro Mercantil de Alicante<\/strong>, Tomo XXXX, Seccion X, Folio XX, Hoja A-XXXX \u2013 Inscripcion X\u00aa<\/li>\n<li><strong>Nombre de dominio (sitio web)<\/strong>: http:\/\/emerex.com\/<\/li>\n<\/ul>\n<p><strong>OBJETO <\/strong><\/p>\n<p>Marmoles Emerex, S.L., responsable del sitio web, pone a disposici\u00f3n de los usuarios el presente documento con el que pretende dar cumplimiento a las obligaciones dispuestas en la Ley 34\/2002, de Servicios de la Sociedad de la Informaci\u00f3n y del Comercio Electr\u00f3nico (LSSI-CE), as\u00ed como informar a todos los usuarios del sitio web respecto a cu\u00e1les son las condiciones de uso del mismo.<\/p>\n<p>Toda persona que acceda a este sitio web asume el papel de usuario, comprometi\u00e9ndose a la observancia y cumplimiento riguroso de las disposiciones aqu\u00ed dispuestas, as\u00ed como a cualquier otra disposici\u00f3n legal que fuera de aplicaci\u00f3n.<\/p>\n<p>Marmoles Emerex, S.L. se reserva el derecho a modificar cualquier tipo de informaci\u00f3n que pudiera aparecer en el sitio web, sin que exista obligaci\u00f3n de preavisar o poner en conocimiento de los usuarios dichas obligaciones, entendi\u00e9ndose como suficiente con la publicaci\u00f3n en el sitio web.<\/p>\n<p>&nbsp;<\/p>\n<p><strong>PROTECCI\u00d3N DE DATOS <\/strong><\/p>\n<p>Marmoles Emerex, S.L. se encuentra profundamente comprometido con el cumplimiento de la normativa espa\u00f1ola de protecci\u00f3n de datos de car\u00e1cter personal, y garantiza el cumplimiento \u00edntegro de las obligaciones dispuestas, as\u00ed como la implementaci\u00f3n de las medidas de seguridad dispuestas en el art. 9 de la Ley 15\/1999, de Protecci\u00f3n de Datos de Car\u00e1cter Personal (LOPD) y su Reglamento de Desarrollo, as\u00ed como para el cumplimiento del Reglamento General de Protecci\u00f3n de Datos (RGPD) (UE) 2016\/679. De conformidad con estas normativas, informamos que la utilizaci\u00f3n de nuestra p\u00e1gina web requiere que se nos faciliten ciertos datos personales a trav\u00e9s de formularios de registro o contacto, o mediante el env\u00edo de emails, y que \u00e9stos ser\u00e1n objeto de tratamiento por Marmoles Emerex, S.L.. El env\u00edo de estos datos personales constituye el consentimiento expreso al tratamiento de los mismos, si bien este consentimiento es de car\u00e1cter revocable. M\u00e1s informaci\u00f3n en nuestra Pol\u00edtica de Privacidad.<\/p>\n<p><strong>PROPIEDAD INTELECTUAL, NORMATIVA Y FORO <\/strong><\/p>\n<p>El sitio web, incluyendo a t\u00edtulo enunciativo pero no limitativo su programaci\u00f3n, edici\u00f3n, compilaci\u00f3n y dem\u00e1s elementos necesarios para su funcionamiento, los dise\u00f1os, logotipos, texto y\/o gr\u00e1ficos son propiedad de Marmoles Emerex, S.L. o en su caso dispone de licencia o autorizaci\u00f3n expresa por parte de los autores.<\/p>\n<p>Todos los contenidos del sitio web se encuentran debidamente protegidos por la normativa de propiedad intelectual e industrial, as\u00ed como inscritos en los registros p\u00fablicos correspondientes, y no se permite la reproducci\u00f3n y\/o publicaci\u00f3n, total o parcial, del sitio web, ni su tratamiento inform\u00e1tico, su distribuci\u00f3n, difusi\u00f3n, modificaci\u00f3n o transformaci\u00f3n, sin el permiso previo y por escrito del mismo.<\/p>\n<p>Los dise\u00f1os, logotipos, texto y\/o gr\u00e1ficos ajenos a Marmoles Emerex, S.L. y que pudieran aparecer en el sitio web, pertenecen a sus respectivos propietarios, siendo ellos mismos responsables de cualquier posible controversia que pudiera suscitarse respecto a los mismos. En todo caso, Marmoles Emerex, S.L. cuenta con la autorizaci\u00f3n expresa y previa por parte de los mismos. Marmoles Emerex, S.L. reconoce a favor de sus titulares los correspondientes derechos de propiedad industrial e intelectual, no implicando su sola menci\u00f3n o aparici\u00f3n en el sitio web la existencia de derechos o responsabilidad alguna del prestador sobre los mismos, como tampoco respaldo, patrocinio o recomendaci\u00f3n por parte del mismo.<\/p>\n<p>El usuario puede utilizar el material que aparezca en este sitio web para su uso personal y privado, quedando prohibido su uso con fines comerciales. Marmoles Emerex, S.L. velar\u00e1 por el cumplimiento de las anteriores condiciones, como por la debida utilizaci\u00f3n de los contenidos presentados en sus p\u00e1ginas web, ejercitando todas las acciones civiles y penales que le correspondan en el caso de infracci\u00f3n o incumplimiento de estos derechos por parte del usuario.<\/p>\n<p>&nbsp;<\/p>\n<p><strong>LEY APLICABLE Y JURISDICCI\u00d3N <\/strong><\/p>\n<p>Las presentes Condiciones de Uso del sitio web se rigen en todos y cada uno de sus extremos por la ley espa\u00f1ola. El idioma de redacci\u00f3n e interpretaci\u00f3n de este aviso legal es el espa\u00f1ol. Para la resoluci\u00f3n de todas las controversias o cuestiones relacionadas con el presente sitio web o de las actividades en \u00e9l desarrolladas, ser\u00e1 de aplicaci\u00f3n la legislaci\u00f3n espa\u00f1ola, a la que se someten expresamente las partes, siendo competentes para la resoluci\u00f3n de todos los conflictos derivados o relacionados con su uso los Juzgados y Tribunales de Alicante.<\/p>\n","protected":false},"excerpt":{"rendered":"<p>En cumplimiento de la Ley 34\/2002, de 11 de julio, de Servicios de la Sociedad de la Informaci\u00f3n y Comercio Electr\u00f3nico (LSSI CE), informamos a los usuarios de los datos de la empresa propietaria de esta web: Responsable Denominaci\u00f3n Social: Marmoles Emerex, S.L. CIF\/NIF: B03958766 Domicilio Social: Poligono Industrial Monte Coto &#8211; 03650\u00a0 &#8211; Pinoso\u00a0 [&hellip;]<\/p>\n","protected":false},"author":1,"featured_media":0,"parent":0,"menu_order":0,"comment_status":"closed","ping_status":"closed","template":"","meta":[],"yoast_head":"<!-- This site is optimized with the Yoast SEO plugin v16.1.1 - https:\/\/yoast.com\/wordpress\/plugins\/seo\/ -->\n<title>Avis juridique - Crema Marfil. Marmoles Emerex. Losas 1 cm<\/title>\n<link rel=\"canonical\" href=\"https:\/\/emerex.com\/fr\/avis-juridique\/\" \/>\n<meta property=\"og:locale\" content=\"fr_FR\" \/>\n<meta property=\"og:type\" content=\"article\" \/>\n<meta property=\"og:title\" content=\"Avis juridique - Crema Marfil. Marmoles Emerex. Losas 1 cm\" \/>\n<meta property=\"og:description\" content=\"En cumplimiento de la Ley 34\/2002, de 11 de julio, de Servicios de la Sociedad de la Informaci\u00f3n y Comercio Electr\u00f3nico (LSSI CE), informamos a los usuarios de los datos de la empresa propietaria de esta web: Responsable Denominaci\u00f3n Social: Marmoles Emerex, S.L. CIF\/NIF: B03958766 Domicilio Social: Poligono Industrial Monte Coto &#8211; 03650\u00a0 &#8211; Pinoso\u00a0 [&hellip;]\" \/>\n<meta property=\"og:url\" content=\"https:\/\/emerex.com\/fr\/avis-juridique\/\" \/>\n<meta property=\"og:site_name\" content=\"Crema Marfil. Marmoles Emerex. Losas 1 cm\" \/>\n<meta property=\"article:modified_time\" content=\"2018-09-25T10:36:12+00:00\" \/>\n<meta name=\"twitter:card\" content=\"summary\" \/>\n<meta name=\"twitter:label1\" content=\"Dur\u00e9e de lecture est.\">\n\t<meta name=\"twitter:data1\" content=\"4 minutes\">\n<script type=\"application\/ld+json\" class=\"yoast-schema-graph\">{\"@context\":\"https:\/\/schema.org\",\"@graph\":[{\"@type\":\"WebSite\",\"@id\":\"https:\/\/emerex.com\/es\/#website\",\"url\":\"https:\/\/emerex.com\/es\/\",\"name\":\"Crema Marfil. Marmoles Emerex. Losas 1 cm\",\"description\":\"Losas finas marmol natural. Crema Marfil\",\"potentialAction\":[{\"@type\":\"SearchAction\",\"target\":\"https:\/\/emerex.com\/es\/?s={search_term_string}\",\"query-input\":\"required name=search_term_string\"}],\"inLanguage\":\"fr-FR\"},{\"@type\":\"WebPage\",\"@id\":\"https:\/\/emerex.com\/fr\/avis-juridique\/#webpage\",\"url\":\"https:\/\/emerex.com\/fr\/avis-juridique\/\",\"name\":\"Avis juridique - Crema Marfil. Marmoles Emerex. Losas 1 cm\",\"isPartOf\":{\"@id\":\"https:\/\/emerex.com\/es\/#website\"},\"datePublished\":\"2018-09-07T09:35:37+00:00\",\"dateModified\":\"2018-09-25T10:36:12+00:00\",\"breadcrumb\":{\"@id\":\"https:\/\/emerex.com\/fr\/avis-juridique\/#breadcrumb\"},\"inLanguage\":\"fr-FR\",\"potentialAction\":[{\"@type\":\"ReadAction\",\"target\":[\"https:\/\/emerex.com\/fr\/avis-juridique\/\"]}]},{\"@type\":\"BreadcrumbList\",\"@id\":\"https:\/\/emerex.com\/fr\/avis-juridique\/#breadcrumb\",\"itemListElement\":[{\"@type\":\"ListItem\",\"position\":1,\"item\":{\"@type\":\"WebPage\",\"@id\":\"https:\/\/emerex.com\/fr\/\",\"url\":\"https:\/\/emerex.com\/fr\/\",\"name\":\"Portada\"}},{\"@type\":\"ListItem\",\"position\":2,\"item\":{\"@type\":\"WebPage\",\"@id\":\"https:\/\/emerex.com\/fr\/avis-juridique\/\",\"url\":\"https:\/\/emerex.com\/fr\/avis-juridique\/\",\"name\":\"Avis juridique\"}}]}]}<\/script>\n<!-- \/ Yoast SEO plugin. -->","_links":{"self":[{"href":"https:\/\/emerex.com\/fr\/wp-json\/wp\/v2\/pages\/500\/"}],"collection":[{"href":"https:\/\/emerex.com\/fr\/wp-json\/wp\/v2\/pages\/"}],"about":[{"href":"https:\/\/emerex.com\/fr\/wp-json\/wp\/v2\/types\/page\/"}],"author":[{"embeddable":true,"href":"https:\/\/emerex.com\/fr\/wp-json\/wp\/v2\/users\/1\/"}],"replies":[{"embeddable":true,"href":"https:\/\/emerex.com\/fr\/wp-json\/wp\/v2\/comments\/?post=500"}],"version-history":[{"count":1,"href":"https:\/\/emerex.com\/fr\/wp-json\/wp\/v2\/pages\/500\/revisions\/"}],"predecessor-version":[{"id":503,"href":"https:\/\/emerex.com\/fr\/wp-json\/wp\/v2\/pages\/500\/revisions\/503\/"}],"wp:attachment":[{"href":"https:\/\/emerex.com\/fr\/wp-json\/wp\/v2\/media\/?parent=500"}],"curies":[{"name":"wp","href":"https:\/\/api.w.org\/{rel}","templated":true}]}}