{"id":4,"date":"2016-01-14T17:18:58","date_gmt":"2016-01-14T17:18:58","guid":{"rendered":"http:\/\/emerex.com\/\/?page_id=4"},"modified":"2021-05-06T08:23:32","modified_gmt":"2021-05-06T08:23:32","slug":"home","status":"publish","type":"page","link":"https:\/\/emerex.com\/es\/","title":{"rendered":"HOME"},"content":{"rendered":"<\/div><\/div><\/div><!-- close content main div --><\/div><\/div><div id='full_slider_1' class='avia-fullwidth-slider main_color avia-shadow   container_wrap fullsize'   ><div  data-size='no scaling'  data-lightbox_size='large'  data-animation='fade'  data-conditional_play=''  data-ids='32,62,66'  data-video_counter='0'  data-autoplay='true'  data-bg_slider='false'  data-slide_height=''  data-handle='av_slideshow_full'  data-interval='10'  data-class=' '  data-css_id=''  data-scroll_down=''  data-control_layout='av-control-default'  data-custom_markup=''  data-perma_caption=''  data-autoplay_stopper=''  data-image_attachment=''  data-min_height='0px'  data-src=''  data-position='top left'  data-repeat='no-repeat'  data-attach='scroll'  data-stretch=''  class='avia-slideshow avia-slideshow-1  av-control-default av-default-height-applied avia-slideshow-no scaling av_slideshow_full   avia-fade-slider '  itemprop=\"ImageObject\" itemscope=\"itemscope\" itemtype=\"https:\/\/schema.org\/ImageObject\" ><ul class='avia-slideshow-inner ' style='padding-bottom: 31.25%;' ><li  class=' slide-1 ' ><div data-rel='slideshow-1' class='avia-slide-wrap '   ><img src='https:\/\/emerex.com\/wp-content\/uploads\/2016\/01\/SlideHome01.jpg' width='1920' height='600' title='SlideHome01' alt=''  itemprop=\"thumbnailUrl\"   \/><\/div><\/li><li  class=' slide-2 ' ><div data-rel='slideshow-1' class='avia-slide-wrap '   ><img src='https:\/\/emerex.com\/wp-content\/uploads\/2016\/01\/SlideHome02.jpg' width='1920' height='600' title='SlideHome02' alt=''  itemprop=\"thumbnailUrl\"   \/><\/div><\/li><li  class=' slide-3 ' ><div data-rel='slideshow-1' class='avia-slide-wrap '   ><img src='https:\/\/emerex.com\/wp-content\/uploads\/2016\/01\/SlideHome03.jpg' width='1920' height='600' title='SlideHome03' alt=''  itemprop=\"thumbnailUrl\"   \/><\/div><\/li><\/ul><div class='avia-slideshow-arrows avia-slideshow-controls'><a href='#prev' class='prev-slide' aria-hidden='true' data-av_icon='\ue87c' data-av_iconfont='entypo-fontello'>Anterior<\/a><a href='#next' class='next-slide' aria-hidden='true' data-av_icon='\ue87d' data-av_iconfont='entypo-fontello'>Posterior<\/a><\/div><div class='avia-slideshow-dots avia-slideshow-controls'><a href='#1' class='goto-slide active' >1<\/a><a href='#2' class='goto-slide ' >2<\/a><a href='#3' class='goto-slide ' >3<\/a><\/div><\/div><\/div>\n<div class=\"flex_column av_one_full  av-animated-generic fade-in  flex_column_div first   \" style='background: #ffffff; padding:10px; background-color:#ffffff; border-radius:0px; '><div style='padding-bottom:0px; ' class='av-special-heading av-special-heading-h1  blockquote modern-quote modern-centered   '><h1 class='av-special-heading-tag '  itemprop=\"headline\"  >Bienvenido a EMEREX<\/h1><div class='special-heading-border'><div class='special-heading-inner-border' ><\/div><\/div><\/div><\/div><div class=\"flex_column av_one_half  flex_column_div av-zero-column-padding first  \" style='border-radius:0px; '><div  data-size='extra_large'  data-lightbox_size='large'  data-animation='slide'  data-conditional_play=''  data-ids='3000'  data-video_counter='0'  data-autoplay='true'  data-bg_slider='false'  data-slide_height=''  data-handle='av_slideshow'  data-interval='10'  data-class='  '  data-css_id=''  data-scroll_down=''  data-control_layout='av-control-default'  data-custom_markup=''  data-perma_caption=''  data-autoplay_stopper=''  data-image_attachment=''  data-min_height='0px'  data-default-height='100'  class='avia-slideshow avia-slideshow-2  av-control-default av-default-height-applied avia-slideshow-extra_large av_slideshow    avia-slide-slider '  itemprop=\"ImageObject\" itemscope=\"itemscope\" itemtype=\"https:\/\/schema.org\/ImageObject\" ><ul class='avia-slideshow-inner ' style='padding-bottom: 100%;' ><li  class=' av-single-slide slide-1 ' ><div data-rel='slideshow-2' class='avia-slide-wrap '   ><img src='https:\/\/emerex.com\/wp-content\/uploads\/2018\/11\/Emerex-Instalaciones-edit-3crop.jpg' width='1500' height='1500' title='Emerex-Instalaciones-edit-3(crop)' alt=''  itemprop=\"thumbnailUrl\"   \/><\/div><\/li><\/ul><\/div><\/div><\/p>\n<div class=\"flex_column av_one_half  flex_column_div av-zero-column-padding   \" style='border-radius:0px; '><section class=\"av_textblock_section \"  itemscope=\"itemscope\" itemtype=\"https:\/\/schema.org\/CreativeWork\" ><div class='avia_textblock  '   itemprop=\"text\" ><div class=\"two-fourth\">\n<p style=\"text-align: justify;\">Somos una f\u00e1brica de m\u00e1rmol ubicada en Pinoso, Alicante, a pocos kil\u00f3metros de las canteras de Crema Marfil, Rojo Alicante y Marr\u00f3n Emperador entre otras.<\/p>\n<p style=\"text-align: justify;\">Nos esforzamos <strong>desde 1994<\/strong> para que nuestros m\u00e1rmoles satisfagan a clientes de los cinco continentes.<\/p>\n<p style=\"text-align: justify;\">Disponemos del equipo y la maquinaria precisa para manufacturar una amplia gama de productos de m\u00e1rmol. Producimos productos estandarizados en formatos y espesores, pero tambi\u00e9n\u00a0 tenemos las herramientas para manufacturar el producto de m\u00e1rmol que usted sue\u00f1e.<\/p>\n<p style=\"text-align: justify;\">Somos capaces de suministrar grandes y peque\u00f1os pedidos.<\/p>\n<p style=\"text-align: justify;\">En <strong>Marmoles Emerex SL<\/strong> nos preocupamos por el medio ambiente y por ello estamos equipados con las instalaciones m\u00e1s modernas para el reciclaje del agua que usamos, y la reutilizaci\u00f3n de los subproductos, haciendo que el m\u00e1rmol sea probablemente el material de construcci\u00f3n m\u00e1s ecol\u00f3gico que existe.<\/p>\n<p style=\"text-align: justify;\">En 2001 nace <strong>Stone Mall, Inc<\/strong>., nuestra filial en USA, con el objeto de dar un mejor servicio al mercado Norteamericano.<\/p>\n<\/div>\n<div class=\"two-fourth last\"><\/div>\n<\/div><\/section><\/div>\n<div class=\"flex_column av_one_full  flex_column_div av-zero-column-padding first  \" style='border-radius:0px; '><\/div>\n","protected":false},"excerpt":{"rendered":"","protected":false},"author":1,"featured_media":0,"parent":0,"menu_order":0,"comment_status":"closed","ping_status":"closed","template":"","meta":[],"yoast_head":"<!-- This site is optimized with the Yoast SEO plugin v16.1.1 - https:\/\/yoast.com\/wordpress\/plugins\/seo\/ -->\n<title>HOME - Crema Marfil. Marmoles Emerex. Losas 1 cm<\/title>\n<link rel=\"canonical\" href=\"https:\/\/emerex.com\/es\/\" \/>\n<meta property=\"og:locale\" content=\"es_ES\" \/>\n<meta property=\"og:type\" content=\"article\" \/>\n<meta property=\"og:title\" content=\"HOME - Crema Marfil. Marmoles Emerex. Losas 1 cm\" \/>\n<meta property=\"og:url\" content=\"https:\/\/emerex.com\/es\/\" \/>\n<meta property=\"og:site_name\" content=\"Crema Marfil. Marmoles Emerex. Losas 1 cm\" \/>\n<meta property=\"article:modified_time\" content=\"2021-05-06T08:23:32+00:00\" \/>\n<meta name=\"twitter:card\" content=\"summary\" \/>\n<meta name=\"twitter:label1\" content=\"Tiempo de lectura\">\n\t<meta name=\"twitter:data1\" content=\"4 minutos\">\n<script type=\"application\/ld+json\" class=\"yoast-schema-graph\">{\"@context\":\"https:\/\/schema.org\",\"@graph\":[{\"@type\":\"WebSite\",\"@id\":\"https:\/\/emerex.com\/es\/#website\",\"url\":\"https:\/\/emerex.com\/es\/\",\"name\":\"Crema Marfil. Marmoles Emerex. Losas 1 cm\",\"description\":\"Losas finas marmol natural. Crema Marfil\",\"potentialAction\":[{\"@type\":\"SearchAction\",\"target\":\"https:\/\/emerex.com\/es\/?s={search_term_string}\",\"query-input\":\"required name=search_term_string\"}],\"inLanguage\":\"es\"},{\"@type\":\"WebPage\",\"@id\":\"https:\/\/emerex.com\/es\/#webpage\",\"url\":\"https:\/\/emerex.com\/es\/\",\"name\":\"HOME - Crema Marfil. Marmoles Emerex. Losas 1 cm\",\"isPartOf\":{\"@id\":\"https:\/\/emerex.com\/es\/#website\"},\"datePublished\":\"2016-01-14T17:18:58+00:00\",\"dateModified\":\"2021-05-06T08:23:32+00:00\",\"breadcrumb\":{\"@id\":\"https:\/\/emerex.com\/es\/#breadcrumb\"},\"inLanguage\":\"es\",\"potentialAction\":[{\"@type\":\"ReadAction\",\"target\":[\"https:\/\/emerex.com\/es\/\"]}]},{\"@type\":\"BreadcrumbList\",\"@id\":\"https:\/\/emerex.com\/es\/#breadcrumb\",\"itemListElement\":[{\"@type\":\"ListItem\",\"position\":1,\"item\":{\"@type\":\"WebPage\",\"@id\":\"https:\/\/emerex.com\/es\/\",\"url\":\"https:\/\/emerex.com\/es\/\",\"name\":\"Portada\"}},{\"@type\":\"ListItem\",\"position\":2,\"item\":{\"@type\":\"WebPage\",\"@id\":\"https:\/\/emerex.com\/es\/\",\"url\":\"https:\/\/emerex.com\/es\/\",\"name\":\"HOME\"}}]}]}<\/script>\n<!-- \/ Yoast SEO plugin. -->","_links":{"self":[{"href":"https:\/\/emerex.com\/es\/wp-json\/wp\/v2\/pages\/4\/"}],"collection":[{"href":"https:\/\/emerex.com\/es\/wp-json\/wp\/v2\/pages\/"}],"about":[{"href":"https:\/\/emerex.com\/es\/wp-json\/wp\/v2\/types\/page\/"}],"author":[{"embeddable":true,"href":"https:\/\/emerex.com\/es\/wp-json\/wp\/v2\/users\/1\/"}],"replies":[{"embeddable":true,"href":"https:\/\/emerex.com\/es\/wp-json\/wp\/v2\/comments\/?post=4"}],"version-history":[{"count":40,"href":"https:\/\/emerex.com\/es\/wp-json\/wp\/v2\/pages\/4\/revisions\/"}],"predecessor-version":[{"id":4688,"href":"https:\/\/emerex.com\/es\/wp-json\/wp\/v2\/pages\/4\/revisions\/4688\/"}],"wp:attachment":[{"href":"https:\/\/emerex.com\/es\/wp-json\/wp\/v2\/media\/?parent=4"}],"curies":[{"name":"wp","href":"https:\/\/api.w.org\/{rel}","templated":true}]}}