{"id":530,"date":"2016-01-14T17:18:58","date_gmt":"2016-01-14T17:18:58","guid":{"rendered":"http:\/\/emerex.com\/\/home\/"},"modified":"2023-08-11T08:48:38","modified_gmt":"2023-08-11T08:48:38","slug":"home","status":"publish","type":"page","link":"https:\/\/emerex.com\/de\/","title":{"rendered":"HOME"},"content":{"rendered":"<\/div><\/div><\/div><!-- close content main div --><\/div><\/div><div id='full_slider_1' class='avia-fullwidth-slider main_color avia-shadow   container_wrap fullsize'   ><div  data-size='no scaling'  data-lightbox_size='large'  data-animation='fade'  data-conditional_play=''  data-ids='32,62,66'  data-video_counter='0'  data-autoplay='true'  data-bg_slider='false'  data-slide_height=''  data-handle='av_slideshow_full'  data-interval='10'  data-class=' '  data-css_id=''  data-scroll_down=''  data-control_layout='av-control-default'  data-custom_markup=''  data-perma_caption=''  data-autoplay_stopper=''  data-image_attachment=''  data-min_height='0px'  data-src=''  data-position='top left'  data-repeat='no-repeat'  data-attach='scroll'  data-stretch=''  class='avia-slideshow avia-slideshow-1  av-control-default av-default-height-applied avia-slideshow-no scaling av_slideshow_full   avia-fade-slider '  itemprop=\"ImageObject\" itemscope=\"itemscope\" itemtype=\"https:\/\/schema.org\/ImageObject\" ><ul class='avia-slideshow-inner ' style='padding-bottom: 31.25%;' ><li  class=' slide-1 ' ><div data-rel='slideshow-1' class='avia-slide-wrap '   ><img src='https:\/\/emerex.com\/wp-content\/uploads\/2016\/01\/SlideHome01.jpg' width='1920' height='600' title='SlideHome01' alt=''  itemprop=\"thumbnailUrl\"   \/><\/div><\/li><li  class=' slide-2 ' ><div data-rel='slideshow-1' class='avia-slide-wrap '   ><img src='https:\/\/emerex.com\/wp-content\/uploads\/2016\/01\/SlideHome02.jpg' width='1920' height='600' title='SlideHome02' alt=''  itemprop=\"thumbnailUrl\"   \/><\/div><\/li><li  class=' slide-3 ' ><div data-rel='slideshow-1' class='avia-slide-wrap '   ><img src='https:\/\/emerex.com\/wp-content\/uploads\/2016\/01\/SlideHome03.jpg' width='1920' height='600' title='SlideHome03' alt=''  itemprop=\"thumbnailUrl\"   \/><\/div><\/li><\/ul><div class='avia-slideshow-arrows avia-slideshow-controls'><a href='#prev' class='prev-slide' aria-hidden='true' data-av_icon='\ue87c' data-av_iconfont='entypo-fontello'>Zur\u00fcck<\/a><a href='#next' class='next-slide' aria-hidden='true' data-av_icon='\ue87d' data-av_iconfont='entypo-fontello'>Weiter<\/a><\/div><div class='avia-slideshow-dots avia-slideshow-controls'><a href='#1' class='goto-slide active' >1<\/a><a href='#2' class='goto-slide ' >2<\/a><a href='#3' class='goto-slide ' >3<\/a><\/div><\/div><\/div>\n<div class=\"flex_column av_one_full  av-animated-generic fade-in  flex_column_div first  \" style='background: #ffffff; padding:10px; background-color:#ffffff; border-radius:0px; '><div style='padding-bottom:0px; ' class='av-special-heading av-special-heading-h1  blockquote modern-quote modern-centered  '><h1 class='av-special-heading-tag '  itemprop=\"headline\"  >Willkommen bei EMEREX<\/h1><div class='special-heading-border'><div class='special-heading-inner-border' ><\/div><\/div><\/div><\/div>\n<div class=\"flex_column av_one_half  flex_column_div av-zero-column-padding first  \" style='border-radius:0px; '><div  data-size='no scaling'  data-lightbox_size='large'  data-animation='slide'  data-conditional_play=''  data-ids='3003'  data-video_counter='0'  data-autoplay='true'  data-bg_slider='false'  data-slide_height=''  data-handle='av_slideshow'  data-interval='10'  data-class=' '  data-css_id=''  data-scroll_down=''  data-control_layout='av-control-default'  data-custom_markup=''  data-perma_caption=''  data-autoplay_stopper=''  data-image_attachment=''  data-min_height='0px'  class='avia-slideshow avia-slideshow-2  av-control-default av-default-height-applied avia-slideshow-no scaling av_slideshow   avia-slide-slider '  itemprop=\"ImageObject\" itemscope=\"itemscope\" itemtype=\"https:\/\/schema.org\/ImageObject\" ><ul class='avia-slideshow-inner ' style='padding-bottom: 100%;' ><li  class=' av-single-slide slide-1 ' ><div data-rel='slideshow-2' class='avia-slide-wrap '   ><img src='https:\/\/emerex.com\/wp-content\/uploads\/2018\/11\/Emerex-Instalaciones-edit-3crop.jpg' width='1500' height='1500' title='Emerex-Instalaciones-edit-3(crop)' alt=''  itemprop=\"thumbnailUrl\"   \/><\/div><\/li><\/ul><\/div><\/div>\n<div class=\"flex_column av_one_half  flex_column_div av-zero-column-padding   \" style='border-radius:0px; '><section class=\"av_textblock_section \"  itemscope=\"itemscope\" itemtype=\"https:\/\/schema.org\/CreativeWork\" ><div class='avia_textblock  '   itemprop=\"text\" ><div class=\"two-fourth\">\n<p>Wir sind eine Marmorfabrik in Pinoso, Alicante, nur wenige Kilometer von den Steinbr\u00fcchen von Crema Marfil, Rojo Alicante und Marr\u00f3n Emperador entfernt.<\/p>\n<p>Seit 1994\u00a0 sind wir f\u00fcr unsere Kunden da. Wir produzieren Marmor nach Ihren individuellen W\u00fcnschen in allen machbaren Formen, Oberfl\u00e4chen und St\u00e4rken. Und das zu interessanten Preisen.<\/p>\n<p>Selbstverst\u00e4ndlich ist uns die Nachhaltigkeit unserer Fertigungsprozesse ein au\u00dferordentlich wichtiges Anliegen.<\/p>\n<p>Mit dem Einsatz modernster Maschinen und Techniken reduzieren wir den zur Herstellung unserer Produkte notwendigen Energieaufwand.<\/p>\n<p>Durch das Recyceln des eingesetzten Wassers und der R\u00fcckgewinnung von Fertigungsmaterialien sind unsere Mamor Produkte insgesamt eines der nat\u00fcrlichsten Baumaterialien.<\/p>\n<p>Schreiben Sie uns. Wir beraten Sie sehr gerne. Ganz egal ob Sie gro\u00dfe oder eher kleinere Mengen ben\u00f6tigen.<\/p>\n<p>Und selbstverst\u00e4ndlich k\u00fcmmern wir uns um den Transport.<\/p>\n<p>Wir freuen uns auf Sie.<\/p>\n<p>Ihr EMEREX Team<\/p>\n<\/div>\n<div class=\"two-fourth last\" style=\"text-align: justify;\"><\/div>\n<\/div><\/section><\/div>\n","protected":false},"excerpt":{"rendered":"","protected":false},"author":1,"featured_media":0,"parent":0,"menu_order":0,"comment_status":"closed","ping_status":"closed","template":"","meta":[],"yoast_head":"<!-- This site is optimized with the Yoast SEO plugin v16.1.1 - https:\/\/yoast.com\/wordpress\/plugins\/seo\/ -->\n<title>HOME - Crema Marfil. Marmoles Emerex. Losas 1 cm<\/title>\n<link rel=\"canonical\" href=\"https:\/\/emerex.com\/de\/home\/\" \/>\n<meta property=\"og:locale\" content=\"de_DE\" \/>\n<meta property=\"og:type\" content=\"article\" \/>\n<meta property=\"og:title\" content=\"HOME - Crema Marfil. Marmoles Emerex. Losas 1 cm\" \/>\n<meta property=\"og:url\" content=\"https:\/\/emerex.com\/de\/home\/\" \/>\n<meta property=\"og:site_name\" content=\"Crema Marfil. Marmoles Emerex. Losas 1 cm\" \/>\n<meta property=\"article:modified_time\" content=\"2023-08-11T08:48:38+00:00\" \/>\n<meta name=\"twitter:card\" content=\"summary\" \/>\n<meta name=\"twitter:label1\" content=\"Gesch\u00e4tzte Lesezeit\">\n\t<meta name=\"twitter:data1\" content=\"4\u00a0Minuten\">\n<script type=\"application\/ld+json\" class=\"yoast-schema-graph\">{\"@context\":\"https:\/\/schema.org\",\"@graph\":[{\"@type\":\"WebSite\",\"@id\":\"https:\/\/emerex.com\/es\/#website\",\"url\":\"https:\/\/emerex.com\/es\/\",\"name\":\"Crema Marfil. Marmoles Emerex. Losas 1 cm\",\"description\":\"Losas finas marmol natural. Crema Marfil\",\"potentialAction\":[{\"@type\":\"SearchAction\",\"target\":\"https:\/\/emerex.com\/es\/?s={search_term_string}\",\"query-input\":\"required name=search_term_string\"}],\"inLanguage\":\"de\"},{\"@type\":\"WebPage\",\"@id\":\"https:\/\/emerex.com\/de\/home\/#webpage\",\"url\":\"https:\/\/emerex.com\/de\/home\/\",\"name\":\"HOME - Crema Marfil. Marmoles Emerex. Losas 1 cm\",\"isPartOf\":{\"@id\":\"https:\/\/emerex.com\/es\/#website\"},\"datePublished\":\"2016-01-14T17:18:58+00:00\",\"dateModified\":\"2023-08-11T08:48:38+00:00\",\"breadcrumb\":{\"@id\":\"https:\/\/emerex.com\/de\/home\/#breadcrumb\"},\"inLanguage\":\"de\",\"potentialAction\":[{\"@type\":\"ReadAction\",\"target\":[\"https:\/\/emerex.com\/de\/home\/\"]}]},{\"@type\":\"BreadcrumbList\",\"@id\":\"https:\/\/emerex.com\/de\/home\/#breadcrumb\",\"itemListElement\":[{\"@type\":\"ListItem\",\"position\":1,\"item\":{\"@type\":\"WebPage\",\"@id\":\"https:\/\/emerex.com\/de\/home\/\",\"url\":\"https:\/\/emerex.com\/de\/home\/\",\"name\":\"Portada\"}},{\"@type\":\"ListItem\",\"position\":2,\"item\":{\"@type\":\"WebPage\",\"@id\":\"https:\/\/emerex.com\/de\/home\/\",\"url\":\"https:\/\/emerex.com\/de\/home\/\",\"name\":\"HOME\"}}]}]}<\/script>\n<!-- \/ Yoast SEO plugin. -->","_links":{"self":[{"href":"https:\/\/emerex.com\/de\/wp-json\/wp\/v2\/pages\/530\/"}],"collection":[{"href":"https:\/\/emerex.com\/de\/wp-json\/wp\/v2\/pages\/"}],"about":[{"href":"https:\/\/emerex.com\/de\/wp-json\/wp\/v2\/types\/page\/"}],"author":[{"embeddable":true,"href":"https:\/\/emerex.com\/de\/wp-json\/wp\/v2\/users\/1\/"}],"replies":[{"embeddable":true,"href":"https:\/\/emerex.com\/de\/wp-json\/wp\/v2\/comments\/?post=530"}],"version-history":[{"count":9,"href":"https:\/\/emerex.com\/de\/wp-json\/wp\/v2\/pages\/530\/revisions\/"}],"predecessor-version":[{"id":4802,"href":"https:\/\/emerex.com\/de\/wp-json\/wp\/v2\/pages\/530\/revisions\/4802\/"}],"wp:attachment":[{"href":"https:\/\/emerex.com\/de\/wp-json\/wp\/v2\/media\/?parent=530"}],"curies":[{"name":"wp","href":"https:\/\/api.w.org\/{rel}","templated":true}]}}